{"id":166,"date":"2024-11-14T18:36:45","date_gmt":"2024-11-14T18:36:45","guid":{"rendered":"https:\/\/internationalhandball.com\/?page_id=166"},"modified":"2024-12-11T22:32:51","modified_gmt":"2024-12-11T22:32:51","slug":"politica-de-privacidad","status":"publish","type":"page","link":"https:\/\/internationalhandball.com\/cat\/politica-de-privacidad\/","title":{"rendered":"Pol\u00edtica de Privacidad"},"content":{"rendered":"\n<p>Esta pol\u00edtica de privacidad muestra los datos personales recopilados o generados cuando el usuario interact\u00faa con International Handball Spain SRL(de ahora en adelante \u201cInternational Handball\u201d) ya sea a trav\u00e9s de nuestros sitios web como en los diferentes eventos realizados por la marca.<\/p>\n\n\n\n<p>Tambi\u00e9n explica c\u00f3mo se utilizan, comparten y protegen sus datos personales, qu\u00e9 opciones tiene en relaci\u00f3n con los mismos y la manera en la que se puede poner en contacto con nosotros.<\/p>\n\n\n\n<h2 class=\"wp-block-heading\"><strong>Datos Personales recogidos por International Handball<\/strong><\/h2>\n\n\n\n<p>En International Handball, creemos que puede disfrutar de grandes experiencias sin perder nunca su privacidad. Es decir, aspiramos a recopilar \u00fanicamente los datos personales que necesitamos. No tiene la obligaci\u00f3n de facilitar los datos personales que hemos solicitado. No obstante, si decide no hacerlo, en muchos casos, no podremos ofrecerle nuestros productos o servicios ni responder a las solicitudes que pueda realizar.<\/p>\n\n\n\n<h2 class=\"wp-block-heading\">Podremos recoger distintos tipos de informaci\u00f3n, como los siguientes:<\/h2>\n\n\n\n<ul class=\"wp-block-list\">\n<li>Informaci\u00f3n de contacto: Se le pedir\u00e1n datos como el nombre, correo electr\u00f3nico, numero de tel\u00e9fono m\u00f3vil u otra informaci\u00f3n de contacto.<\/li>\n\n\n\n<li>Informaci\u00f3n de localizaci\u00f3n: Datos sobre su pa\u00eds de residencia, as\u00ed como el club del que forme parte en la actualidad.&nbsp;<\/li>\n\n\n\n<li>Datos personales: Incluyendo sexo, posici\u00f3n en la que juega y fecha de nacimiento.<\/li>\n\n\n\n<li>Im\u00e1genes: Se le pedir\u00e1n videos o alg\u00fan tipo de documento audiovisual en el que salga jugando a balonmano.<\/li>\n\n\n\n<li>Datos sobre las caracter\u00edsticas f\u00edsicas: Incluyendo medidas corporales tales como las medidas de zapato\/pie o la talla de ropa.<\/li>\n\n\n\n<li>Datos de un documento de identidad emitido por el Gobierno: Le podremos pedir un documento de identidad emitido por el Gobierno, a modo de identificaci\u00f3n del usuario.&nbsp;<\/li>\n<\/ul>\n\n\n\n<h2 class=\"wp-block-heading\"><strong>Responsable del Tratamiento de sus datos personales<\/strong><\/h2>\n\n\n\n<p>La sociedad International Handball ser\u00e1 la responsable del tratamiento de sus datos personales.<\/p>\n\n\n\n<h2 class=\"wp-block-heading\"><strong>Finalidad del uso de sus datos personales<\/strong><\/h2>\n\n\n\n<p>Utilizaremos sus datos para proporcionarle el producto o servicio que solicite. Por ejemplo, si se inscribe en alg\u00fan evento de International Handball, utilizaremos la informaci\u00f3n de contacto que nos proporcione para comunicarnos con usted sobre el evento. Si contacta con nuestros servicios de atenci\u00f3n al cliente, utilizaremos informaci\u00f3n suya con la finalidad de ayudarle a resolver su problema.<\/p>\n\n\n\n<h2 class=\"wp-block-heading\"><strong>Para operar y mejorar nuestros productos y servicios<\/strong><\/h2>\n\n\n\n<p>Es posible que utilicemos los datos que usted nos proporciona para operar nuestro negocio. Podemos usar informaci\u00f3n para la contabilidad, auditor\u00eda y para otras funciones internas. Otro ejemplo podr\u00eda ser la posibilidad de que utilicemos sus datos a modo de an\u00e1lisis, para ayudarnos a mejorar el servicio ofrecido en los eventos de International Handball.&nbsp;<\/p>\n\n\n\n<h2 class=\"wp-block-heading\"><strong>Para proteger nuestra propiedad o seguridad o derechos propios o de terceros<\/strong><\/h2>\n\n\n\n<p>Tambi\u00e9n es posible que utilicemos datos personales acerca de nuestros usuarios para prevenir, detectar o investigar fraudes, abusos ilegales y para cumplir con las \u00f3rdenes judiciales, solicitudes gubernamentales o leyes aplicables.<\/p>\n\n\n\n<h2 class=\"wp-block-heading\"><strong>Marketing Directo<\/strong><\/h2>\n\n\n\n<p>Si usted es cliente de International Handball(por ejemplo, si se ha inscrito a uno de nuestros eventos), podemos utilizar los datos de contacto que nos ha proporcionado para enviarle comunicaciones de marketing sobre futuros eventos o servicios de International Handball, cuando as\u00ed lo permita la ley aplicable. En otros casos, le solicitaremos su consentimiento para enviarle informaci\u00f3n de marketing.<\/p>\n\n\n\n<h2 class=\"wp-block-heading\"><strong>Contacto&nbsp;<\/strong><\/h2>\n\n\n\n<p>Si desea enviarnos sus comentarios, preguntas o inquietudes, o si desea ejercer sus derechos relacionados con sus datos personales, le regamos que se ponga en contacto con nuestro Delegado de Protecci\u00f3n de Datos(DPO).<\/p>\n\n\n\n<p>Si nos contacta con una queja de privacidad, esta ser\u00e1 evaluada con el objetivo de resolver el asunto de forma pertinente y efectiva. Usted tambi\u00e9n tiene el derecho a presentar una denuncia ante la autoridad de supervisi\u00f3n en el pa\u00eds que resida.<\/p>\n\n\n\n<p>Los datos de contacto de nuestro Delegado de Protecci\u00f3n de Datos son: <a href=\"mailto:dpo@internationalhandball.com\">dpo@internationalhandball.com<\/a>.<\/p>\n","protected":false},"excerpt":{"rendered":"<p>Esta pol\u00edtica de privacidad muestra los datos personales recopilados o generados cuando el usuario interact\u00faa con International Handball Spain SRL(de [&hellip;]<\/p>\n","protected":false},"author":2,"featured_media":0,"parent":0,"menu_order":0,"comment_status":"closed","ping_status":"closed","template":"","meta":{"_acf_changed":false,"site-sidebar-layout":"default","site-content-layout":"","ast-site-content-layout":"default","site-content-style":"default","site-sidebar-style":"default","ast-global-header-display":"","ast-banner-title-visibility":"","ast-main-header-display":"","ast-hfb-above-header-display":"","ast-hfb-below-header-display":"","ast-hfb-mobile-header-display":"","site-post-title":"","ast-breadcrumbs-content":"","ast-featured-img":"","footer-sml-layout":"","ast-disable-related-posts":"","theme-transparent-header-meta":"","adv-header-id-meta":"","stick-header-meta":"","header-above-stick-meta":"","header-main-stick-meta":"","header-below-stick-meta":"","astra-migrate-meta-layouts":"default","ast-page-background-enabled":"default","ast-page-background-meta":{"desktop":{"background-color":"var(--ast-global-color-4)","background-image":"","background-repeat":"repeat","background-position":"center center","background-size":"auto","background-attachment":"scroll","background-type":"","background-media":"","overlay-type":"","overlay-color":"","overlay-opacity":"","overlay-gradient":""},"tablet":{"background-color":"","background-image":"","background-repeat":"repeat","background-position":"center center","background-size":"auto","background-attachment":"scroll","background-type":"","background-media":"","overlay-type":"","overlay-color":"","overlay-opacity":"","overlay-gradient":""},"mobile":{"background-color":"","background-image":"","background-repeat":"repeat","background-position":"center center","background-size":"auto","background-attachment":"scroll","background-type":"","background-media":"","overlay-type":"","overlay-color":"","overlay-opacity":"","overlay-gradient":""}},"ast-content-background-meta":{"desktop":{"background-color":"var(--ast-global-color-5)","background-image":"","background-repeat":"repeat","background-position":"center center","background-size":"auto","background-attachment":"scroll","background-type":"","background-media":"","overlay-type":"","overlay-color":"","overlay-opacity":"","overlay-gradient":""},"tablet":{"background-color":"var(--ast-global-color-5)","background-image":"","background-repeat":"repeat","background-position":"center center","background-size":"auto","background-attachment":"scroll","background-type":"","background-media":"","overlay-type":"","overlay-color":"","overlay-opacity":"","overlay-gradient":""},"mobile":{"background-color":"var(--ast-global-color-5)","background-image":"","background-repeat":"repeat","background-position":"center center","background-size":"auto","background-attachment":"scroll","background-type":"","background-media":"","overlay-type":"","overlay-color":"","overlay-opacity":"","overlay-gradient":""}},"footnotes":""},"class_list":["post-166","page","type-page","status-publish","hentry"],"acf":[],"_links":{"self":[{"href":"https:\/\/internationalhandball.com\/cat\/wp-json\/wp\/v2\/pages\/166","targetHints":{"allow":["GET"]}}],"collection":[{"href":"https:\/\/internationalhandball.com\/cat\/wp-json\/wp\/v2\/pages"}],"about":[{"href":"https:\/\/internationalhandball.com\/cat\/wp-json\/wp\/v2\/types\/page"}],"author":[{"embeddable":true,"href":"https:\/\/internationalhandball.com\/cat\/wp-json\/wp\/v2\/users\/2"}],"replies":[{"embeddable":true,"href":"https:\/\/internationalhandball.com\/cat\/wp-json\/wp\/v2\/comments?post=166"}],"version-history":[{"count":5,"href":"https:\/\/internationalhandball.com\/cat\/wp-json\/wp\/v2\/pages\/166\/revisions"}],"predecessor-version":[{"id":258,"href":"https:\/\/internationalhandball.com\/cat\/wp-json\/wp\/v2\/pages\/166\/revisions\/258"}],"wp:attachment":[{"href":"https:\/\/internationalhandball.com\/cat\/wp-json\/wp\/v2\/media?parent=166"}],"curies":[{"name":"wp","href":"https:\/\/api.w.org\/{rel}","templated":true}]}}