{"id":655,"date":"2025-03-17T11:04:50","date_gmt":"2025-03-17T11:04:50","guid":{"rendered":"https:\/\/internationalhandball.com\/cat\/autoritzacio-de-drets-dimatge\/"},"modified":"2025-03-17T11:06:16","modified_gmt":"2025-03-17T11:06:16","slug":"autoritzacio-de-drets-dimatge","status":"publish","type":"page","link":"https:\/\/internationalhandball.com\/cat\/autoritzacio-de-drets-dimatge\/","title":{"rendered":"Autoritzaci\u00f3 de drets d&#8217;imatge"},"content":{"rendered":"\n<p>D&#8217;acord amb les disposicions relatives als drets d&#8217;imatge, autoritzo a&nbsp;International&nbsp;Handball&nbsp;Spain&nbsp;SL i els seus prove\u00efdors de serveis t\u00e8cnics a prendre fotografies, v\u00eddeos o captures digitals durant l&#8217;esdeveniment&nbsp;International&nbsp;Handball&nbsp;Camp.<\/p>\n\n\n\n<p>Les imatges poden ser explotades i utilitzades directament per&nbsp;International&nbsp;Handball&nbsp;Spain&nbsp;SL en qualsevol forma, en un territori il\u00b7limitat, sense l\u00edmit de temps, \u00edntegrament o en extractes en:<\/p>\n\n\n\n<ul class=\"wp-block-list\">\n<li>Xarxes socials<\/li>\n\n\n\n<li>Lloc web<\/li>\n\n\n\n<li>Publicitat<\/li>\n\n\n\n<li>Premsa<\/li>\n<\/ul>\n\n\n\n<p>El beneficiari de l&#8217;autoritzaci\u00f3 t\u00e9 expressament prohibit realitzar qualsevol explotaci\u00f3 de les fotografies que pugui danyar la intimitat o reputaci\u00f3 del participant, aix\u00ed com utilitzar les fotografies, v\u00eddeos o captures digitals aqu\u00ed contingudes, en qualsevol suport o qualsevol explotaci\u00f3 nociva.<\/p>\n\n\n\n<p>Reconec que estic plenament satisfet amb els drets del participant i no podrem reclamar cap remuneraci\u00f3 per l&#8217;explotaci\u00f3 dels drets aqu\u00ed referits.<\/p>\n\n\n\n<p>Garanteixo que ni jo ni la persona que represento, estem vinculats per un contracte exclusiu relacionat amb l&#8217;\u00fas de la imatge o nom del participant.amos vinculados por un contrato exclusivo relacionado con el uso de la imagen o nombre del participante.<\/p>\n","protected":false},"excerpt":{"rendered":"<p>D&#8217;acord amb les disposicions relatives als drets d&#8217;imatge, autoritzo a&nbsp;International&nbsp;Handball&nbsp;Spain&nbsp;SL i els seus prove\u00efdors de serveis t\u00e8cnics a prendre fotografies, [&hellip;]<\/p>\n","protected":false},"author":2,"featured_media":0,"parent":0,"menu_order":0,"comment_status":"closed","ping_status":"closed","template":"","meta":{"_acf_changed":false,"site-sidebar-layout":"default","site-content-layout":"","ast-site-content-layout":"default","site-content-style":"default","site-sidebar-style":"default","ast-global-header-display":"","ast-banner-title-visibility":"","ast-main-header-display":"","ast-hfb-above-header-display":"","ast-hfb-below-header-display":"","ast-hfb-mobile-header-display":"","site-post-title":"","ast-breadcrumbs-content":"","ast-featured-img":"","footer-sml-layout":"","ast-disable-related-posts":"","theme-transparent-header-meta":"","adv-header-id-meta":"","stick-header-meta":"","header-above-stick-meta":"","header-main-stick-meta":"","header-below-stick-meta":"","astra-migrate-meta-layouts":"default","ast-page-background-enabled":"default","ast-page-background-meta":{"desktop":{"background-color":"var(--ast-global-color-4)","background-image":"","background-repeat":"repeat","background-position":"center center","background-size":"auto","background-attachment":"scroll","background-type":"","background-media":"","overlay-type":"","overlay-color":"","overlay-opacity":"","overlay-gradient":""},"tablet":{"background-color":"","background-image":"","background-repeat":"repeat","background-position":"center center","background-size":"auto","background-attachment":"scroll","background-type":"","background-media":"","overlay-type":"","overlay-color":"","overlay-opacity":"","overlay-gradient":""},"mobile":{"background-color":"","background-image":"","background-repeat":"repeat","background-position":"center center","background-size":"auto","background-attachment":"scroll","background-type":"","background-media":"","overlay-type":"","overlay-color":"","overlay-opacity":"","overlay-gradient":""}},"ast-content-background-meta":{"desktop":{"background-color":"var(--ast-global-color-5)","background-image":"","background-repeat":"repeat","background-position":"center center","background-size":"auto","background-attachment":"scroll","background-type":"","background-media":"","overlay-type":"","overlay-color":"","overlay-opacity":"","overlay-gradient":""},"tablet":{"background-color":"var(--ast-global-color-5)","background-image":"","background-repeat":"repeat","background-position":"center center","background-size":"auto","background-attachment":"scroll","background-type":"","background-media":"","overlay-type":"","overlay-color":"","overlay-opacity":"","overlay-gradient":""},"mobile":{"background-color":"var(--ast-global-color-5)","background-image":"","background-repeat":"repeat","background-position":"center center","background-size":"auto","background-attachment":"scroll","background-type":"","background-media":"","overlay-type":"","overlay-color":"","overlay-opacity":"","overlay-gradient":""}},"footnotes":""},"class_list":["post-655","page","type-page","status-publish","hentry"],"acf":[],"_links":{"self":[{"href":"https:\/\/internationalhandball.com\/cat\/wp-json\/wp\/v2\/pages\/655","targetHints":{"allow":["GET"]}}],"collection":[{"href":"https:\/\/internationalhandball.com\/cat\/wp-json\/wp\/v2\/pages"}],"about":[{"href":"https:\/\/internationalhandball.com\/cat\/wp-json\/wp\/v2\/types\/page"}],"author":[{"embeddable":true,"href":"https:\/\/internationalhandball.com\/cat\/wp-json\/wp\/v2\/users\/2"}],"replies":[{"embeddable":true,"href":"https:\/\/internationalhandball.com\/cat\/wp-json\/wp\/v2\/comments?post=655"}],"version-history":[{"count":1,"href":"https:\/\/internationalhandball.com\/cat\/wp-json\/wp\/v2\/pages\/655\/revisions"}],"predecessor-version":[{"id":656,"href":"https:\/\/internationalhandball.com\/cat\/wp-json\/wp\/v2\/pages\/655\/revisions\/656"}],"wp:attachment":[{"href":"https:\/\/internationalhandball.com\/cat\/wp-json\/wp\/v2\/media?parent=655"}],"curies":[{"name":"wp","href":"https:\/\/api.w.org\/{rel}","templated":true}]}}